{"id":178,"date":"2018-08-13T21:45:31","date_gmt":"2018-08-13T21:45:31","guid":{"rendered":"http:\/\/wordpress.photo-becker.de\/?page_id=178"},"modified":"2025-07-02T19:56:02","modified_gmt":"2025-07-02T19:56:02","slug":"preise","status":"publish","type":"page","link":"https:\/\/photo-becker.de\/?page_id=178","title":{"rendered":"Preise"},"content":{"rendered":"<div class=\"art-post-inner\">\n<div class=\"art-postcontent\">\n<div class=\"art-article\">\n<p style=\"text-align: left;\"><strong>Biometrische Passbilder<\/strong><\/p>\n<p style=\"text-align: left;\">4 Fotos auf Qualit\u00e4tsfotopapier<\/p>\n<p style=\"text-align: left;\">im Format 3,5 x 4,5 cm<\/p>\n<p style=\"text-align: left;\">20,00 \u20ac<\/p>\n<p style=\"text-align: left;\"><strong>Bewerbungsbilder<\/strong><\/p>\n<p style=\"text-align: left;\">2 Fotos auf Qualit\u00e4tsfotopapier<\/p>\n<p style=\"text-align: left;\">im Format 5 x 7 cm<\/p>\n<p style=\"text-align: left;\">sowie 1 Aufnahme auf DVD (h\u00f6chste Aufl\u00f6sung)<\/p>\n<p style=\"text-align: left;\">inkl. aller privaten Nutzungsrechte.<\/p>\n<p style=\"text-align: left;\">55,00 \u20ac<\/p>\n<\/div>\n<div class=\"art-article\" style=\"text-align: left;\">\n<p><strong>Portraitserie<br \/>\n<\/strong><\/p>\n<p>Shooting an einem Ort ihrer Wahl, ganz nach ihrem W\u00fcnschen.<\/p>\n<p><strong>Leistungen: <\/strong><\/p>\n<p>Aufnahmedauer etwa 1 Stunde.<\/p>\n<p>Sie erhalten ca.10 Fotos auf DVD (h\u00f6chste Aufl\u00f6sung)<\/p>\n<p>inkl. aller privaten Nutzungsrechte<\/p>\n<p>sowie 4\u00a0Abz\u00fcge auf Qualit\u00e4tsfotopapier im Format 13 x 19 cm.<\/p>\n<p>250,00 \u20ac<\/p>\n<p>Anreise: Inklusive bis 10 km (ab 35510 Butzbach),<\/p>\n<p>jeder weitere Kilometer 0,50 \u20ac.<\/p>\n<p><strong>Hochzeitsfotografie<\/strong><\/p>\n<p><strong>Brautpaarshooting<\/strong><\/p>\n<p>Shooting z.B. in einem Park, auf der Burg M\u00fcnzenberg oder in der Stadt,<\/p>\n<p>ganz nach Ihren W\u00fcnschen.<\/p>\n<p><strong>Leistungen: <\/strong><\/p>\n<p>Vorgespr\u00e4ch<\/p>\n<p>Aufnahmezeit ca. 1,5h &#8211; 2h<\/p>\n<p>Ca. 30 Fotos auf DVD (h\u00f6chste Aufl\u00f6sung), inkl. allen<\/p>\n<p>privaten Nutzungsrechten.<\/p>\n<p>400,00 \u20ac<\/p>\n<p><strong>Hochzeitsreportage\u00a0 4 Stunden<\/strong><\/p>\n<p>Ich fotografiere Ihre standesamtliche oder kirchliche Trauung, den Sektempfang und die Gratulationen in dezentem und unauff\u00e4lligem Stil.<\/p>\n<p>Das Brautpaarshooting findet vor oder nach der Trauung an einem Ort Ihrer Wahl statt.<\/p>\n<p>Gerne berate ich Sie hier nat\u00fcrlich auch und schaue mir die Location<\/p>\n<p>zusammen mit Ihnen an.<\/p>\n<p><strong>Leistungen: <\/strong><\/p>\n<p>Vorgespr\u00e4ch<\/p>\n<p>4h Fotoreportage, davon<\/p>\n<p>ca. 1,5h &#8211; 2h Brautpaarshooting.<\/p>\n<p>Nach Ihren W\u00fcnschen Fotodokumentation der Trauung, des Sektempfangs<\/p>\n<p>und der Gratulationen,<\/p>\n<p>Gruppenfotos mit allen G\u00e4sten und in verschiedenen Konstellationen.<\/p>\n<p>Ca. 70 Fotos auf DVD (h\u00f6chste Aufl\u00f6sung),<\/p>\n<p>inkl. aller privaten Nutzungsrechte.<\/p>\n<p>10 Abz\u00fcge auf Qualit\u00e4tsfotopapier im Format 13 x 19 cm<\/p>\n<p>800,00 \u20ac<\/p>\n<p><strong>Hochzeitsreportage\u00a0 8 Stunden<\/strong><\/p>\n<p>Ich fotografiere sie bei den Vorbereitungen, Ihre standesamtliche oder kirchliche Trauung,<\/p>\n<p>den Sektempfang, die Gratulationen und die anschlie\u00dfende Feier in dezentem und unauff\u00e4lligem Stil.<\/p>\n<p>Das Brautpaarshooting findet vor oder nach der Trauung an einem Ort Ihrer Wahl statt.<\/p>\n<p>Gerne berate ich Sie hier nat\u00fcrlich auch und schaue mir die Location<\/p>\n<p>zusammen mit Ihnen an.<\/p>\n<p><strong>Leistungen:<br \/>\n<\/strong><\/p>\n<p>Vorgespr\u00e4ch<\/p>\n<p>8h Fotoreportage, davon<\/p>\n<p>ca. 1,5h &#8211; 2h Brautpaarshooting.<\/p>\n<p>Nach Ihren W\u00fcnschen Fotodokumentation der Trauung, des Sektempfangs<\/p>\n<p>und der Gratulationen,<\/p>\n<p>Gruppenfotos mit allen G\u00e4sten und in verschiedenen Konstellationen.<\/p>\n<p>Ca. 150 Fotos auf DVD (h\u00f6chste Aufl\u00f6sung),<\/p>\n<p>inkl. aller privaten Nutzungsrechte.<\/p>\n<p>15 Abz\u00fcge auf Qualit\u00e4tsfotopapier im Format 13 x 19 cm<\/p>\n<p>1600,00 \u20ac<\/p>\n<p>Anreise: Inklusive bis 20 km (ab 35510 Butzbach), bei einer Reportage ab 8 Stunden bis 70 km. Jeder weitere Kilometer 0,35 \u20ac.<\/p>\n<p>Verl\u00e4ngerungsstunde: 195,00 \u20ac<\/p>\n<p><a href=\"https:\/\/photo-becker.de\/?page_id=151\"><strong>Weitere Preise auf Anfrage<\/strong><\/a><\/p>\n<p>Es wird keine Umsatzsteuer ausgewiesen, da ich gem\u00e4\u00df \u00a7 19 UStG der Kleinunternehmerregelung unterliege.<\/p>\n<\/div>\n<\/div>\n<div class=\"cleared\" style=\"text-align: left;\"><\/div>\n<\/div>\n<div class=\"cleared\" style=\"text-align: left;\"><\/div>\n","protected":false},"excerpt":{"rendered":"<p>Biometrische Passbilder 4 Fotos auf Qualit\u00e4tsfotopapier im Format 3,5 x 4,5 cm 20,00 \u20ac Bewerbungsbilder 2 Fotos auf Qualit\u00e4tsfotopapier im Format 5 x 7 cm sowie 1 Aufnahme auf DVD (h\u00f6chste Aufl\u00f6sung) inkl. aller privaten Nutzungsrechte. 55,00 \u20ac Portraitserie Shooting an einem Ort ihrer Wahl, ganz nach ihrem W\u00fcnschen. Leistungen: Aufnahmedauer etwa 1 Stunde. Sie &hellip; <\/p>\n<p class=\"link-more\"><a href=\"https:\/\/photo-becker.de\/?page_id=178\" class=\"more-link\"><span class=\"screen-reader-text\">\u201ePreise\u201c<\/span> weiterlesen<\/a><\/p>\n","protected":false},"author":2,"featured_media":0,"parent":0,"menu_order":0,"comment_status":"closed","ping_status":"closed","template":"","meta":{"footnotes":""},"class_list":["post-178","page","type-page","status-publish","hentry"],"_links":{"self":[{"href":"https:\/\/photo-becker.de\/index.php?rest_route=\/wp\/v2\/pages\/178","targetHints":{"allow":["GET"]}}],"collection":[{"href":"https:\/\/photo-becker.de\/index.php?rest_route=\/wp\/v2\/pages"}],"about":[{"href":"https:\/\/photo-becker.de\/index.php?rest_route=\/wp\/v2\/types\/page"}],"author":[{"embeddable":true,"href":"https:\/\/photo-becker.de\/index.php?rest_route=\/wp\/v2\/users\/2"}],"replies":[{"embeddable":true,"href":"https:\/\/photo-becker.de\/index.php?rest_route=%2Fwp%2Fv2%2Fcomments&post=178"}],"version-history":[{"count":20,"href":"https:\/\/photo-becker.de\/index.php?rest_route=\/wp\/v2\/pages\/178\/revisions"}],"predecessor-version":[{"id":587,"href":"https:\/\/photo-becker.de\/index.php?rest_route=\/wp\/v2\/pages\/178\/revisions\/587"}],"wp:attachment":[{"href":"https:\/\/photo-becker.de\/index.php?rest_route=%2Fwp%2Fv2%2Fmedia&parent=178"}],"curies":[{"name":"wp","href":"https:\/\/api.w.org\/{rel}","templated":true}]}}